{"id":9881,"date":"2017-05-04T20:05:30","date_gmt":"2017-05-04T20:05:30","guid":{"rendered":"http:\/\/susebauer.net\/wordpress\/?page_id=9881"},"modified":"2017-10-29T20:17:14","modified_gmt":"2017-10-29T20:17:14","slug":"book","status":"publish","type":"page","link":"http:\/\/susebauer.net\/wordpress\/book\/","title":{"rendered":"BOOK"},"content":{"rendered":"<p><img src=\"http:\/\/susebauer.net\/wordpress\/wp-content\/uploads\/suse-bauer-katalog-768x576.jpg\" alt=\"\" \/><\/p>\n<p>Bestellen unter: versand(at)textem.de<br \/>\n<a href=\"http:\/\/www.textem.de\/index.php?id=2473\">http:\/\/www.textem.de\/index.php?id=2473<\/a><\/p>\n<p>Suse Bauer &#8211; Was ist Ihr Beruf<br \/>\n72 Seiten &amp; Leporello<br \/>\nHardcover, Leinen<br \/>\n200 x 300 mm<br \/>\nISBN: 978-3-86485-041-7<br \/>\nAuflage: 500 Exemplare<br \/>\nPreis: 25 Euro<br \/>\nTextem Verlag 2013<\/p>\n<p>Gestaltung: Anne-Katrin Ahrens<br \/>\nText: Ursula Panhans-B\u00fchler<br \/>\n\u00dcbersetzung: Gerrit Jackson<br \/>\nFotos: Hayo Haye, Harald Popp, Emmanuel Post<br \/>\nDruck &amp; Herstellung: Optimal Media GmbH, R\u00f6bel<br \/>\nGef\u00f6rdert von der Kulturbeh\u00f6rde der freien<br \/>\nund Hansestadt Hamburg<br \/>\nmit freundlicher Unterst\u00fctzung von Optimal Media GmbH<\/p>\n<p><img src=\"http:\/\/susebauer.net\/wordpress\/wp-content\/uploads\/suse-bauer-00-A-1.jpg\" \/><br \/>\n<img src=\"http:\/\/susebauer.net\/wordpress\/wp-content\/uploads\/suse-bauer-01-A-1.jpg\" \/><br \/>\n<img src=\"http:\/\/susebauer.net\/wordpress\/wp-content\/uploads\/suse-bauer-02-A-1.jpg\" \/><br \/>\n<img src=\"http:\/\/susebauer.net\/wordpress\/wp-content\/uploads\/suse-bauer-03-A-1.jpg\" \/><br \/>\n<img src=\"http:\/\/susebauer.net\/wordpress\/wp-content\/uploads\/suse-bauer-04-A-1.jpg\" \/><br \/>\n<img src=\"http:\/\/susebauer.net\/wordpress\/wp-content\/uploads\/suse-bauer-05-A-1.jpg\" \/><br \/>\n<img src=\"http:\/\/susebauer.net\/wordpress\/wp-content\/uploads\/suse-bauer-06-A-1.jpg\" \/><\/p>\n","protected":false},"excerpt":{"rendered":"<p>Bestellen unter: versand(at)textem.de http:\/\/www.textem.de\/index.php?id=2473 Suse Bauer &#8211; Was ist Ihr Beruf 72 Seiten &amp; Leporello Hardcover, Leinen 200 x 300 mm ISBN: 978-3-86485-041-7 Auflage: 500 Exemplare Preis: 25 Euro Textem Verlag 2013 Gestaltung: Anne-Katrin Ahrens Text: Ursula Panhans-B\u00fchler \u00dcbersetzung: Gerrit Jackson Fotos: Hayo Haye, Harald Popp, Emmanuel Post Druck &amp; Herstellung: Optimal Media GmbH, R\u00f6bel Gef\u00f6rdert von der Kulturbeh\u00f6rde der freien und Hansestadt Hamburg mit freundlicher Unterst\u00fctzung von Optimal Media&hellip;<\/p>\n","protected":false},"author":1,"featured_media":0,"parent":0,"menu_order":0,"comment_status":"closed","ping_status":"closed","template":"","meta":[],"_links":{"self":[{"href":"http:\/\/susebauer.net\/wordpress\/wp-json\/wp\/v2\/pages\/9881"}],"collection":[{"href":"http:\/\/susebauer.net\/wordpress\/wp-json\/wp\/v2\/pages"}],"about":[{"href":"http:\/\/susebauer.net\/wordpress\/wp-json\/wp\/v2\/types\/page"}],"author":[{"embeddable":true,"href":"http:\/\/susebauer.net\/wordpress\/wp-json\/wp\/v2\/users\/1"}],"replies":[{"embeddable":true,"href":"http:\/\/susebauer.net\/wordpress\/wp-json\/wp\/v2\/comments?post=9881"}],"version-history":[{"count":7,"href":"http:\/\/susebauer.net\/wordpress\/wp-json\/wp\/v2\/pages\/9881\/revisions"}],"predecessor-version":[{"id":10251,"href":"http:\/\/susebauer.net\/wordpress\/wp-json\/wp\/v2\/pages\/9881\/revisions\/10251"}],"wp:attachment":[{"href":"http:\/\/susebauer.net\/wordpress\/wp-json\/wp\/v2\/media?parent=9881"}],"curies":[{"name":"wp","href":"https:\/\/api.w.org\/{rel}","templated":true}]}}